{"id":981,"date":"2025-12-05T14:35:16","date_gmt":"2025-12-05T14:35:16","guid":{"rendered":"https:\/\/25fab.ch\/?page_id=981"},"modified":"2026-01-18T21:23:48","modified_gmt":"2026-01-18T21:23:48","slug":"services-de","status":"publish","type":"page","link":"https:\/\/25fab.ch\/index.php\/services-de\/","title":{"rendered":"services-de"},"content":{"rendered":"\n<p class=\"has-fira-code-font-family\">Leistungen<\/p>\n\n\n\n<div class=\"wp-block-group is-content-justification-left is-nowrap is-layout-flex wp-container-core-group-is-layout-fc9f69e7 wp-block-group-is-layout-flex\">\n<figure class=\"wp-block-image size-large is-resized\"><a href=\"https:\/\/25fab.ch\/index.php\/services-en\/\"><img loading=\"lazy\" decoding=\"async\" width=\"1024\" height=\"597\" src=\"https:\/\/25fab.ch\/wp-content\/uploads\/2025\/11\/flag_uk-1024x597.jpeg\" alt=\"\" class=\"wp-image-218\" style=\"width:40px\" srcset=\"https:\/\/25fab.ch\/wp-content\/uploads\/2025\/11\/flag_uk-1024x597.jpeg 1024w, https:\/\/25fab.ch\/wp-content\/uploads\/2025\/11\/flag_uk-300x175.jpeg 300w, https:\/\/25fab.ch\/wp-content\/uploads\/2025\/11\/flag_uk-768x448.jpeg 768w, https:\/\/25fab.ch\/wp-content\/uploads\/2025\/11\/flag_uk.jpeg 1280w\" sizes=\"auto, (max-width: 1024px) 100vw, 1024px\" \/><\/a><\/figure>\n\n\n\n<figure class=\"wp-block-image size-full is-resized\"><a href=\"https:\/\/25fab.ch\/index.php\/services-de\/\"><img loading=\"lazy\" decoding=\"async\" width=\"189\" height=\"113\" src=\"https:\/\/25fab.ch\/wp-content\/uploads\/2025\/11\/flag_swiss.png\" alt=\"\" class=\"wp-image-213\" style=\"width:40px\"\/><\/a><\/figure>\n\n\n\n<figure class=\"wp-block-image size-large is-resized\"><a href=\"https:\/\/25fab.ch\/index.php\/services-cn\/\"><img loading=\"lazy\" decoding=\"async\" width=\"960\" height=\"640\" src=\"https:\/\/25fab.ch\/wp-content\/uploads\/2025\/12\/china.jpg\" alt=\"\" class=\"wp-image-707\" style=\"width:40px\" srcset=\"https:\/\/25fab.ch\/wp-content\/uploads\/2025\/12\/china.jpg 960w, https:\/\/25fab.ch\/wp-content\/uploads\/2025\/12\/china-300x200.jpg 300w, https:\/\/25fab.ch\/wp-content\/uploads\/2025\/12\/china-768x512.jpg 768w\" sizes=\"auto, (max-width: 960px) 100vw, 960px\" \/><\/a><\/figure>\n<\/div>\n\n\n\n<h1 class=\"wp-block-heading\"><strong>Mikro- &amp; Nanofabrikation<\/strong><\/h1>\n\n\n\n<p>Wir erm\u00f6glichen Pr\u00e4zisionsfertigung im kleinsten Ma\u00dfstab und verwandeln Spitzenforschung in praktische, skalierbare Technologien.<\/p>\n\n\n\n<h2 class=\"wp-block-heading\"><em><strong>Innovation beschleunigen: Nutzen Sie den Fast Lane Service der 25FAB GmbH<\/strong><\/em><\/h2>\n\n\n\n<p>In der wettbewerbsintensiven Landschaft der Hochleistungs-Photonik und Leistungselektronik ist die &#8220;Time-to-Market&#8221; der entscheidende strategische Vorteil. Traditionelle Mega-Foundries stellen oft un\u00fcberwindbare Barrieren f\u00fcr Startups und F&amp;E-Teams dar: Validierungskosten von \u00fcber 1 Mio. \u20ac und Fertigungszyklen von 11 Monaten.<\/p>\n\n\n\n<p>Die 25FAB GmbH baut diese Barrieren ab. Wir laden Sie ein, unseren Fast Lane Service zu nutzen \u2013 eine agile und kosteneffiziente Fertigungsalternative, die darauf ausgelegt ist, Ihre Iterationszyklen von Jahren auf Monate zu verk\u00fcrzen.<\/p>\n\n\n\n<p>Unsere strategischen Kernvorteile:<\/p>\n\n\n\n<p>High-Power Integration Platform: Entwickelt f\u00fcr Hochstrom- und Hochfrequenzumgebungen. Wir beseitigen Stabilit\u00e4tsengp\u00e4sse auf der physikalischen Ebene durch ma\u00dfgeschneiderte Architekturen und fortschrittliches Thermomanagement.<\/p>\n\n\n\n<p>1.6T Photonic Foundry: Ein 8-Zoll\/100-nm-Vollprozess-Flow, optimiert f\u00fcr die n\u00e4chste Generation der ultraschnellen photonischen Integration.<\/p>\n\n\n\n<p>Pure-play Foundry (Kein eigenes Design): Wir konzentrieren uns ausschlie\u00dflich auf die Fertigung. 25FAB entwickelt keine eigenen Produkte, wodurch Ihr geistiges Eigentum (IP) unter Schweizer Recht zu 100 % gesch\u00fctzt bleibt.<\/p>\n\n\n\n<p>Herausragende F&amp;E-Effizienz: Erstklassige Fertigung zu 1\/5 der Kosten gro\u00dfer Foundries. Unser Fast Lane Service bietet die n\u00f6tige Sicherheit in der Herstellung, damit Sie Ihre Meilensteine schneller erreichen.<\/p>\n\n\n\n<h1 class=\"wp-block-heading\"><strong>Wafer-Marktplatz<\/strong><\/h1>\n\n\n\n<p>Hochwertige Wafer, mit Pr\u00e4zision beschafft und f\u00fcr Ihre Innovationsbed\u00fcrfnisse geliefert.<\/p>\n\n\n\n<h1 class=\"wp-block-heading\"><strong>Reinraum-Ausr\u00fcstung<\/strong><\/h1>\n\n\n\n<p>Zuverl\u00e4ssige Werkzeuge und Systeme zur Aufrechterhaltung kontrollierter Umgebungen \u2013 f\u00fcr Pr\u00e4zision, Sicherheit und Effizienz in der Fertigung.<\/p>\n\n\n\n<p><\/p>\n","protected":false},"excerpt":{"rendered":"<p>Leistungen Mikro- &amp; Nanofabrikation Wir erm\u00f6glichen Pr\u00e4zisionsfertigung im kleinsten Ma\u00dfstab und verwandeln Spitzenforschung in praktische, skalierbare Technologien. Innovation beschleunigen: Nutzen Sie den Fast Lane Service der 25FAB GmbH In der wettbewerbsintensiven Landschaft der Hochleistungs-Photonik und Leistungselektronik ist die &#8220;Time-to-Market&#8221; der entscheidende strategische Vorteil. Traditionelle Mega-Foundries stellen oft un\u00fcberwindbare Barrieren f\u00fcr Startups und F&amp;E-Teams dar: Validierungskosten [&hellip;]<\/p>\n","protected":false},"author":1,"featured_media":0,"parent":0,"menu_order":0,"comment_status":"closed","ping_status":"closed","template":"page_home_de","meta":{"footnotes":""},"class_list":["post-981","page","type-page","status-publish","hentry"],"_links":{"self":[{"href":"https:\/\/25fab.ch\/index.php\/wp-json\/wp\/v2\/pages\/981","targetHints":{"allow":["GET"]}}],"collection":[{"href":"https:\/\/25fab.ch\/index.php\/wp-json\/wp\/v2\/pages"}],"about":[{"href":"https:\/\/25fab.ch\/index.php\/wp-json\/wp\/v2\/types\/page"}],"author":[{"embeddable":true,"href":"https:\/\/25fab.ch\/index.php\/wp-json\/wp\/v2\/users\/1"}],"replies":[{"embeddable":true,"href":"https:\/\/25fab.ch\/index.php\/wp-json\/wp\/v2\/comments?post=981"}],"version-history":[{"count":10,"href":"https:\/\/25fab.ch\/index.php\/wp-json\/wp\/v2\/pages\/981\/revisions"}],"predecessor-version":[{"id":1241,"href":"https:\/\/25fab.ch\/index.php\/wp-json\/wp\/v2\/pages\/981\/revisions\/1241"}],"wp:attachment":[{"href":"https:\/\/25fab.ch\/index.php\/wp-json\/wp\/v2\/media?parent=981"}],"curies":[{"name":"wp","href":"https:\/\/api.w.org\/{rel}","templated":true}]}}