{"id":615,"date":"2025-12-03T10:02:35","date_gmt":"2025-12-03T10:02:35","guid":{"rendered":"https:\/\/25fab.ch\/?page_id=615"},"modified":"2026-01-25T16:59:11","modified_gmt":"2026-01-25T16:59:11","slug":"jobs-de","status":"publish","type":"page","link":"https:\/\/25fab.ch\/index.php\/jobs-de\/","title":{"rendered":"jobs-de"},"content":{"rendered":"\n<p class=\"has-fira-code-font-family\">Jobs<\/p>\n\n\n\n<div class=\"wp-block-group is-nowrap is-layout-flex wp-container-core-group-is-layout-6c531013 wp-block-group-is-layout-flex\">\n<div class=\"wp-block-group has-global-padding is-layout-constrained wp-block-group-is-layout-constrained\">\n<figure class=\"wp-block-gallery has-nested-images columns-default is-cropped wp-block-gallery-1 is-layout-flex wp-block-gallery-is-layout-flex\">\n<figure class=\"wp-block-image size-large is-resized\"><a href=\"https:\/\/25fab.ch\/index.php\/jobs-en\/\"><img loading=\"lazy\" decoding=\"async\" width=\"1024\" height=\"597\" data-id=\"218\" src=\"https:\/\/25fab.ch\/wp-content\/uploads\/2025\/11\/flag_uk-1024x597.jpeg\" alt=\"\" class=\"wp-image-218\" style=\"width:40px\" srcset=\"https:\/\/25fab.ch\/wp-content\/uploads\/2025\/11\/flag_uk-1024x597.jpeg 1024w, https:\/\/25fab.ch\/wp-content\/uploads\/2025\/11\/flag_uk-300x175.jpeg 300w, https:\/\/25fab.ch\/wp-content\/uploads\/2025\/11\/flag_uk-768x448.jpeg 768w, https:\/\/25fab.ch\/wp-content\/uploads\/2025\/11\/flag_uk.jpeg 1280w\" sizes=\"auto, (max-width: 1024px) 100vw, 1024px\" \/><\/a><\/figure>\n\n\n\n<figure class=\"wp-block-image size-full is-resized\"><a href=\"https:\/\/25fab.ch\/index.php\/jobs-de\/\"><img loading=\"lazy\" decoding=\"async\" width=\"189\" height=\"113\" data-id=\"213\" src=\"https:\/\/25fab.ch\/wp-content\/uploads\/2025\/11\/flag_swiss.png\" alt=\"\" class=\"wp-image-213\" style=\"width:40px\"\/><\/a><\/figure>\n\n\n\n<figure class=\"wp-block-image size-large is-resized\"><a href=\"https:\/\/25fab.ch\/index.php\/jobs-cn\/\"><img loading=\"lazy\" decoding=\"async\" width=\"960\" height=\"640\" data-id=\"707\" src=\"https:\/\/25fab.ch\/wp-content\/uploads\/2025\/12\/china.jpg\" alt=\"\" class=\"wp-image-707\" style=\"width:40px\" srcset=\"https:\/\/25fab.ch\/wp-content\/uploads\/2025\/12\/china.jpg 960w, https:\/\/25fab.ch\/wp-content\/uploads\/2025\/12\/china-300x200.jpg 300w, https:\/\/25fab.ch\/wp-content\/uploads\/2025\/12\/china-768x512.jpg 768w\" sizes=\"auto, (max-width: 960px) 100vw, 960px\" \/><\/a><\/figure>\n<\/figure>\n<\/div>\n<\/div>\n\n\n\n<hr class=\"wp-block-separator has-alpha-channel-opacity\"\/>\n\n\n\n<h2 class=\"wp-block-heading has-text-align-left is-style-default\"><em>Chief Applications Officer (CAO)<\/em><\/h2>\n\n\n\n<p><strong>Chief Applications Officer (CAO)<\/strong><\/p>\n\n\n\n<p>Wir suchen eine vision\u00e4re F\u00fchrungspers\u00f6nlichkeit als Chief Applications Officer, die unsere globale Anwendungsstrategie leitet. In dieser F\u00fchrungsposition verantworten Sie die Entwicklung, Implementierung und Optimierung von Anwendungstechnologien in den Bereichen Mikro\u2011 und Nanofertigung, Wafer\u2011Marktplatz sowie Reinraumsysteme.<\/p>\n\n\n\n<p><strong>Ihre Aufgaben:<\/strong><\/p>\n\n\n\n<ul class=\"wp-block-list\">\n<li>Definition und Steuerung der Unternehmens\u2011Roadmap f\u00fcr Anwendungen.<\/li>\n\n\n\n<li>Leitung interdisziplin\u00e4rer Teams zur Bereitstellung skalierbarer, innovativer L\u00f6sungen.<\/li>\n\n\n\n<li>Zusammenarbeit mit F&amp;E, Engineering und Business Units zur Ausrichtung der Technologie an Marktbed\u00fcrfnissen.<\/li>\n\n\n\n<li>Vertretung des Unternehmens in strategischen Kooperationen und Branchenforen.<\/li>\n<\/ul>\n\n\n\n<p><strong>Ihr Profil:<\/strong><\/p>\n\n\n\n<ul class=\"wp-block-list\">\n<li>Nachweisliche F\u00fchrungserfahrung in der Halbleiter\u2011, MEMS\u2011 oder Hightech\u2011Fertigungsindustrie.<\/li>\n\n\n\n<li>Fundierte Expertise in Anwendungstechnik und Prozessintegration.<\/li>\n\n\n\n<li>Ausgepr\u00e4gte Kommunikations\u2011 und strategische F\u00e4higkeiten.<\/li>\n<\/ul>\n\n\n\n<p>Interessierte Kandidaten senden bitte Lebenslauf und Anschreiben an:<\/p>\n\n\n\n<p><strong>E-Mail:<\/strong> <a href=\"mailto:jobs@25fab.ch\">jobs@25fab.ch<\/a> &#8211; <strong>Betreffzeile:<\/strong> <em>Bewerbung \u2013 Chief Applications Officer (CAO)<\/em><\/p>\n\n\n\n<p>Die Bewerbungen werden fortlaufend gepr\u00fcft, bis die Stelle besetzt ist.<\/p>\n","protected":false},"excerpt":{"rendered":"<p>Jobs Chief Applications Officer (CAO) Chief Applications Officer (CAO) Wir suchen eine vision\u00e4re F\u00fchrungspers\u00f6nlichkeit als Chief Applications Officer, die unsere globale Anwendungsstrategie leitet. In dieser F\u00fchrungsposition verantworten Sie die Entwicklung, Implementierung und Optimierung von Anwendungstechnologien in den Bereichen Mikro\u2011 und Nanofertigung, Wafer\u2011Marktplatz sowie Reinraumsysteme. Ihre Aufgaben: Ihr Profil: Interessierte Kandidaten senden bitte Lebenslauf und Anschreiben [&hellip;]<\/p>\n","protected":false},"author":1,"featured_media":0,"parent":0,"menu_order":0,"comment_status":"closed","ping_status":"closed","template":"page_home_de","meta":{"footnotes":""},"class_list":["post-615","page","type-page","status-publish","hentry"],"_links":{"self":[{"href":"https:\/\/25fab.ch\/index.php\/wp-json\/wp\/v2\/pages\/615","targetHints":{"allow":["GET"]}}],"collection":[{"href":"https:\/\/25fab.ch\/index.php\/wp-json\/wp\/v2\/pages"}],"about":[{"href":"https:\/\/25fab.ch\/index.php\/wp-json\/wp\/v2\/types\/page"}],"author":[{"embeddable":true,"href":"https:\/\/25fab.ch\/index.php\/wp-json\/wp\/v2\/users\/1"}],"replies":[{"embeddable":true,"href":"https:\/\/25fab.ch\/index.php\/wp-json\/wp\/v2\/comments?post=615"}],"version-history":[{"count":8,"href":"https:\/\/25fab.ch\/index.php\/wp-json\/wp\/v2\/pages\/615\/revisions"}],"predecessor-version":[{"id":1419,"href":"https:\/\/25fab.ch\/index.php\/wp-json\/wp\/v2\/pages\/615\/revisions\/1419"}],"wp:attachment":[{"href":"https:\/\/25fab.ch\/index.php\/wp-json\/wp\/v2\/media?parent=615"}],"curies":[{"name":"wp","href":"https:\/\/api.w.org\/{rel}","templated":true}]}}