{"id":1334,"date":"2026-01-25T13:09:27","date_gmt":"2026-01-25T13:09:27","guid":{"rendered":"https:\/\/25fab.ch\/?page_id=1334"},"modified":"2026-01-25T15:09:42","modified_gmt":"2026-01-25T15:09:42","slug":"mpw-piezoelectric-mems-de","status":"publish","type":"page","link":"https:\/\/25fab.ch\/index.php\/mpw-piezoelectric-mems-de\/","title":{"rendered":"mpw-piezoelectric-mems-de"},"content":{"rendered":"\n<p class=\"is-style-default has-fira-code-font-family\">Fertigungslauf &#8211; Piezoelectric MEMS Chips in 3 Monaten<\/p>\n\n\n\n<div class=\"wp-block-group is-content-justification-left is-nowrap is-layout-flex wp-container-core-group-is-layout-fc9f69e7 wp-block-group-is-layout-flex\">\n<figure class=\"wp-block-image size-large is-resized\"><a href=\"https:\/\/25fab.ch\/index.php\/mpw-piezoelectric-mems-en\/\"><img loading=\"lazy\" decoding=\"async\" width=\"1024\" height=\"597\" src=\"https:\/\/25fab.ch\/wp-content\/uploads\/2025\/11\/flag_uk-1024x597.jpeg\" alt=\"\" class=\"wp-image-218\" style=\"width:40px\" srcset=\"https:\/\/25fab.ch\/wp-content\/uploads\/2025\/11\/flag_uk-1024x597.jpeg 1024w, https:\/\/25fab.ch\/wp-content\/uploads\/2025\/11\/flag_uk-300x175.jpeg 300w, https:\/\/25fab.ch\/wp-content\/uploads\/2025\/11\/flag_uk-768x448.jpeg 768w, https:\/\/25fab.ch\/wp-content\/uploads\/2025\/11\/flag_uk.jpeg 1280w\" sizes=\"auto, (max-width: 1024px) 100vw, 1024px\" \/><\/a><\/figure>\n\n\n\n<figure class=\"wp-block-image size-full is-resized\"><a href=\"https:\/\/25fab.ch\/index.php\/mpw-piezoelectric-mems-de\/\"><img loading=\"lazy\" decoding=\"async\" width=\"189\" height=\"113\" src=\"https:\/\/25fab.ch\/wp-content\/uploads\/2025\/11\/flag_swiss.png\" alt=\"\" class=\"wp-image-213\" style=\"width:40px\"\/><\/a><\/figure>\n\n\n\n<figure class=\"wp-block-image size-large is-resized\"><a href=\"https:\/\/25fab.ch\/index.php\/mpw-piezoelectric-mems-cn\/\"><img loading=\"lazy\" decoding=\"async\" width=\"960\" height=\"640\" src=\"https:\/\/25fab.ch\/wp-content\/uploads\/2025\/12\/china.jpg\" alt=\"\" class=\"wp-image-707\" style=\"width:40px\" srcset=\"https:\/\/25fab.ch\/wp-content\/uploads\/2025\/12\/china.jpg 960w, https:\/\/25fab.ch\/wp-content\/uploads\/2025\/12\/china-300x200.jpg 300w, https:\/\/25fab.ch\/wp-content\/uploads\/2025\/12\/china-768x512.jpg 768w\" sizes=\"auto, (max-width: 960px) 100vw, 960px\" \/><\/a><\/figure>\n<\/div>\n\n\n\n<hr class=\"wp-block-separator has-alpha-channel-opacity\"\/>\n\n\n\n<h2 class=\"wp-block-heading\">Erhalten Sie Ihre piezoelektrischen MEMS\u2011Chips in 3 Monaten<\/h2>\n\n\n\n<p>(PMUT \/ Mikrofone \/ Ultraschall \/ Energy Harvesting \/ Aktuatoren) | 25FAB GmbH<\/p>\n\n\n\n<p>F\u00fcr Startups, Forschungslabore und Professoren, die piezoelektrische MEMS entwickeln \u2014 PMUTs, piezoelektrische Mikrofone, Ultraschallwandler, Energiewandler, Mikro\u2011Aktuatoren und mehr: H\u00f6ren Sie auf, auf lange Foundry\u2011Warteschlangen zu warten. 25FAB bietet Ihnen zwei schnelle, zuverl\u00e4ssige und skalierbare Wege, um Ihr Design in echtes Silizium zu verwandeln.<\/p>\n\n\n\n<p>\ud83d\udd39 <strong>Weg 1: MPW (Multi\u2011Project Wafer)<\/strong> <br>\u2714 Ziel: Ultra\u2011kosteng\u00fcnstige Prototypvalidierung <br>\u2714 Funktionsweise: Geteilte 4&#8243;\u20138&#8243; Wafer <br>\u2714 Geschwindigkeit: 3 Monate von der Design\u2011Einreichung bis zu Chips in der Hand <br>\u2714 Ideal f\u00fcr: Proof\u2011of\u2011Concept, Forschungsdaten, fr\u00fche Demos, schnelle Iterationen<\/p>\n\n\n\n<p>\ud83d\udd39 <strong>Weg 2: 4&#8243;\u20138&#8243; Dedizierter Lauf<\/strong> <br>\u2714 Ziel: IP\u2011sichere Entwicklung &amp; direkter Weg zur Serienfertigung <br>\u2714 Funktionsweise: Voller Wafer, vollst\u00e4ndig anpassbarer Prozess <br>\u2714 Ideal f\u00fcr: Pilotproduktion, IP\u2011sensitive Designs, Hochlauf kommerzieller Produkte<\/p>\n\n\n\n<h3 class=\"wp-block-heading\">Unterst\u00fctzte piezoelektrische MEMS\u2011Ger\u00e4tetypen (einschlie\u00dflich, aber nicht beschr\u00e4nkt auf):<\/h3>\n\n\n\n<ul class=\"wp-block-list\">\n<li>PMUT (Piezoelektrische mikromechanische Ultraschallwandler)<\/li>\n\n\n\n<li>Piezoelektrische Mikrofone<\/li>\n\n\n\n<li>Ultraschall\u2011Bildgebungs\u2011\/Entfernungsarrays<\/li>\n\n\n\n<li>Energy\u2011Harvesting\u2011Ger\u00e4te<\/li>\n\n\n\n<li>Piezoelektrische Mikro\u2011Aktuatoren<\/li>\n\n\n\n<li>Resonatoren \/ Filter<\/li>\n\n\n\n<li>Kundenspezifische piezoelektrische Strukturen f\u00fcr fortgeschrittene Forschung<\/li>\n<\/ul>\n\n\n\n<h3 class=\"wp-block-heading\">Warum 25FAB GmbH?<\/h3>\n\n\n\n<ul class=\"wp-block-list\">\n<li>Expertise in leistungsstarken AlScN\u2011 &amp; PZT\u2011D\u00fcnnschichten<\/li>\n\n\n\n<li>Schweizer Full\u2011Service MEMS\u2011Foundry<\/li>\n\n\n\n<li>Unterst\u00fctzt alles von neuartiger Forschung bis hin zu kommerziellen Produkten<\/li>\n\n\n\n<li>Ideal f\u00fcr Teams, die Geschwindigkeit, Zuverl\u00e4ssigkeit und skalierbare Fertigung ben\u00f6tigen<\/li>\n<\/ul>\n\n\n\n<p>Lassen Sie nicht zu, dass Fertigungsverz\u00f6gerungen Ihre Innovation bremsen. <br>MPW\u2011Slots und dedizierte Linienfenster sind begrenzt.<\/p>\n\n\n\n<p><strong>Handeln Sie jetzt<\/strong><br>\ud83d\udce7 Angebot \/ Projektpr\u00fcfung anfordern: <a href=\"mailto:info@25fab.ch\">info@25fab.ch<\/a><br>\ud83c\udf10 Website: <a href=\"https:\/\/25fab.ch\">https:\/\/25fab.ch<\/a><br>\ud83c\udfe2 Unternehmens\u2011LinkedIn: 25FAB GmbH<br><a href=\"https:\/\/www.linkedin.com\/company\/25fab-gmbh\/\">https:\/\/www.linkedin.com\/company\/25fab-gmbh\/<\/a><\/p>\n\n\n\n<p>\ud83d\udc64 Contact: Yanfen Zhai<br>Founder &amp; CEO, 25FAB GmbH<br>LinkedIn: <a href=\"https:\/\/www.linkedin.com\/in\/yanfen-zhai-ba60a1122\/\">https:\/\/www.linkedin.com\/in\/yanfen-zhai-ba60a1122\/<\/a><\/p>\n","protected":false},"excerpt":{"rendered":"<p>Fertigungslauf &#8211; Piezoelectric MEMS Chips in 3 Monaten Erhalten Sie Ihre piezoelektrischen MEMS\u2011Chips in 3 Monaten (PMUT \/ Mikrofone \/ Ultraschall \/ Energy Harvesting \/ Aktuatoren) | 25FAB GmbH F\u00fcr Startups, Forschungslabore und Professoren, die piezoelektrische MEMS entwickeln \u2014 PMUTs, piezoelektrische Mikrofone, Ultraschallwandler, Energiewandler, Mikro\u2011Aktuatoren und mehr: H\u00f6ren Sie auf, auf lange Foundry\u2011Warteschlangen zu warten. [&hellip;]<\/p>\n","protected":false},"author":1,"featured_media":0,"parent":0,"menu_order":0,"comment_status":"closed","ping_status":"closed","template":"page_home_de","meta":{"footnotes":""},"class_list":["post-1334","page","type-page","status-publish","hentry"],"_links":{"self":[{"href":"https:\/\/25fab.ch\/index.php\/wp-json\/wp\/v2\/pages\/1334","targetHints":{"allow":["GET"]}}],"collection":[{"href":"https:\/\/25fab.ch\/index.php\/wp-json\/wp\/v2\/pages"}],"about":[{"href":"https:\/\/25fab.ch\/index.php\/wp-json\/wp\/v2\/types\/page"}],"author":[{"embeddable":true,"href":"https:\/\/25fab.ch\/index.php\/wp-json\/wp\/v2\/users\/1"}],"replies":[{"embeddable":true,"href":"https:\/\/25fab.ch\/index.php\/wp-json\/wp\/v2\/comments?post=1334"}],"version-history":[{"count":4,"href":"https:\/\/25fab.ch\/index.php\/wp-json\/wp\/v2\/pages\/1334\/revisions"}],"predecessor-version":[{"id":1388,"href":"https:\/\/25fab.ch\/index.php\/wp-json\/wp\/v2\/pages\/1334\/revisions\/1388"}],"wp:attachment":[{"href":"https:\/\/25fab.ch\/index.php\/wp-json\/wp\/v2\/media?parent=1334"}],"curies":[{"name":"wp","href":"https:\/\/api.w.org\/{rel}","templated":true}]}}