{"id":1321,"date":"2026-01-25T12:45:00","date_gmt":"2026-01-25T12:45:00","guid":{"rendered":"https:\/\/25fab.ch\/?page_id=1321"},"modified":"2026-01-25T14:29:55","modified_gmt":"2026-01-25T14:29:55","slug":"mpw-sic-130-nm-de","status":"publish","type":"page","link":"https:\/\/25fab.ch\/index.php\/mpw-sic-130-nm-de\/","title":{"rendered":"mpw-sic-130-nm-de"},"content":{"rendered":"\n<p class=\"is-style-default has-fira-code-font-family\">Fertigungslauf &#8211; MPW \u2013 SIC 130 nm<\/p>\n\n\n\n<div class=\"wp-block-group is-content-justification-left is-nowrap is-layout-flex wp-container-core-group-is-layout-fc9f69e7 wp-block-group-is-layout-flex\">\n<figure class=\"wp-block-image size-large is-resized\"><a href=\"https:\/\/25fab.ch\/index.php\/mpw-sic-130-nm-en\/\"><img loading=\"lazy\" decoding=\"async\" width=\"1024\" height=\"597\" src=\"https:\/\/25fab.ch\/wp-content\/uploads\/2025\/11\/flag_uk-1024x597.jpeg\" alt=\"\" class=\"wp-image-218\" style=\"width:40px\" srcset=\"https:\/\/25fab.ch\/wp-content\/uploads\/2025\/11\/flag_uk-1024x597.jpeg 1024w, https:\/\/25fab.ch\/wp-content\/uploads\/2025\/11\/flag_uk-300x175.jpeg 300w, https:\/\/25fab.ch\/wp-content\/uploads\/2025\/11\/flag_uk-768x448.jpeg 768w, https:\/\/25fab.ch\/wp-content\/uploads\/2025\/11\/flag_uk.jpeg 1280w\" sizes=\"auto, (max-width: 1024px) 100vw, 1024px\" \/><\/a><\/figure>\n\n\n\n<figure class=\"wp-block-image size-full is-resized\"><a href=\"https:\/\/25fab.ch\/index.php\/mpw-sic-130-nm-de\/\"><img loading=\"lazy\" decoding=\"async\" width=\"189\" height=\"113\" src=\"https:\/\/25fab.ch\/wp-content\/uploads\/2025\/11\/flag_swiss.png\" alt=\"\" class=\"wp-image-213\" style=\"width:40px\"\/><\/a><\/figure>\n\n\n\n<figure class=\"wp-block-image size-large is-resized\"><a href=\"https:\/\/25fab.ch\/index.php\/mpw-sic-130-nm-cn\/\"><img loading=\"lazy\" decoding=\"async\" width=\"960\" height=\"640\" src=\"https:\/\/25fab.ch\/wp-content\/uploads\/2025\/12\/china.jpg\" alt=\"\" class=\"wp-image-707\" style=\"width:40px\" srcset=\"https:\/\/25fab.ch\/wp-content\/uploads\/2025\/12\/china.jpg 960w, https:\/\/25fab.ch\/wp-content\/uploads\/2025\/12\/china-300x200.jpg 300w, https:\/\/25fab.ch\/wp-content\/uploads\/2025\/12\/china-768x512.jpg 768w\" sizes=\"auto, (max-width: 960px) 100vw, 960px\" \/><\/a><\/figure>\n<\/div>\n\n\n\n<hr class=\"wp-block-separator has-alpha-channel-opacity\"\/>\n\n\n\n<h2 class=\"wp-block-heading\"><strong>Ultra-Niedrig-Resistivit\u00e4t SiC MPW-Lauf \u2013 Jetzt ge\u00f6ffnet!<\/strong><\/h2>\n\n\n\n<p><strong>130 nm minimale Strukturgr\u00f6\u00dfe<\/strong><\/p>\n\n\n\n<h3 class=\"wp-block-heading\">Hauptvorteile:<\/h3>\n\n\n\n<ul class=\"wp-block-list\">\n<li>Extrem niedrige Resistivit\u00e4t: 0,001\u20130,002 \u03a9\u00b7cm<\/li>\n\n\n\n<li>Beseitigt Ladeartefakte<\/li>\n\n\n\n<li>Perfekt f\u00fcr EV-Leistungsmodule, Hochspannungsger\u00e4te, RF-Anwendungen und strahlungsempfindliche Technologien<\/li>\n<\/ul>\n\n\n\n<h3 class=\"wp-block-heading\">Enthaltene F\u00e4higkeiten:<\/h3>\n\n\n\n<ul class=\"wp-block-list\">\n<li>Direktes SiC-SiC-Bonden<\/li>\n\n\n\n<li>SiCOI-Optionen<\/li>\n\n\n\n<li>Fortschrittliche DUV-Lithografie bei 130 nm<\/li>\n<\/ul>\n\n\n\n<p><strong>Die Pl\u00e4tze sind begrenzt \u2013 melden Sie sich noch heute an!<\/strong><\/p>\n\n\n\n<p><strong>Kontaktieren Sie uns umgehend<\/strong> E-Mail: <a href=\"mailto:office@25fab.ch\">office@25fab.ch<\/a><\/p>\n\n\n\n<p><strong>Reiner Foundry-Service \u2013 Ihr geistiges Eigentum bleibt zu 100 % Ihr Eigentum.<\/strong><\/p>\n","protected":false},"excerpt":{"rendered":"<p>Fertigungslauf &#8211; MPW \u2013 SIC 130 nm Ultra-Niedrig-Resistivit\u00e4t SiC MPW-Lauf \u2013 Jetzt ge\u00f6ffnet! 130 nm minimale Strukturgr\u00f6\u00dfe Hauptvorteile: Enthaltene F\u00e4higkeiten: Die Pl\u00e4tze sind begrenzt \u2013 melden Sie sich noch heute an! Kontaktieren Sie uns umgehend E-Mail: office@25fab.ch Reiner Foundry-Service \u2013 Ihr geistiges Eigentum bleibt zu 100 % Ihr Eigentum.<\/p>\n","protected":false},"author":1,"featured_media":0,"parent":0,"menu_order":0,"comment_status":"closed","ping_status":"closed","template":"page_home_de","meta":{"footnotes":""},"class_list":["post-1321","page","type-page","status-publish","hentry"],"_links":{"self":[{"href":"https:\/\/25fab.ch\/index.php\/wp-json\/wp\/v2\/pages\/1321","targetHints":{"allow":["GET"]}}],"collection":[{"href":"https:\/\/25fab.ch\/index.php\/wp-json\/wp\/v2\/pages"}],"about":[{"href":"https:\/\/25fab.ch\/index.php\/wp-json\/wp\/v2\/types\/page"}],"author":[{"embeddable":true,"href":"https:\/\/25fab.ch\/index.php\/wp-json\/wp\/v2\/users\/1"}],"replies":[{"embeddable":true,"href":"https:\/\/25fab.ch\/index.php\/wp-json\/wp\/v2\/comments?post=1321"}],"version-history":[{"count":4,"href":"https:\/\/25fab.ch\/index.php\/wp-json\/wp\/v2\/pages\/1321\/revisions"}],"predecessor-version":[{"id":1368,"href":"https:\/\/25fab.ch\/index.php\/wp-json\/wp\/v2\/pages\/1321\/revisions\/1368"}],"wp:attachment":[{"href":"https:\/\/25fab.ch\/index.php\/wp-json\/wp\/v2\/media?parent=1321"}],"curies":[{"name":"wp","href":"https:\/\/api.w.org\/{rel}","templated":true}]}}